{"id":205,"date":"2019-12-20T02:05:13","date_gmt":"2019-12-20T01:05:13","guid":{"rendered":"http:\/\/www.rivistazoom.it\/?page_id=205"},"modified":"2019-12-28T00:14:18","modified_gmt":"2019-12-27T23:14:18","slug":"cookie-policy","status":"publish","type":"page","link":"https:\/\/www.rivistazoom.it\/index.php\/cookie-policy\/","title":{"rendered":"Cookie Policy"},"content":{"rendered":"\n<p><\/p>\n\n\n\n<p><\/p>\n\n\n\n<h2><strong>Informativa sui cookies<\/strong><\/h2>\n\n\n\n<h4>Chi siamo e cosa facciamo dei tuoi dati personali? <\/h4>\n\n\n\n<p>Associazione Zoom d\u2019ora  innanzi  Titolare  del  trattamento, tutela  la riservatezza  dei  tuoi  dati personali e garantisce ad essi la protezione necessaria da ogni evento che possa metterli a rischio di violazione. Il Titolare mette in pratica a tal fine policy e prassi aventi riguardo alla raccolta e all\u2019utilizzo dei dati personali e all\u2019esercizio dei diritti che ti sono riconosciuti  dalla  normativa  applicabile. Il  Titolare ha cura di aggiornare le policy e le prassi adottate per la protezione dei dati personali ogni volta che ci\u00f2 si  renda necessario e comunque  in caso di modifiche  normative  e  organizzative  che  possano incidere sui trattamenti dei tuoi dati personali.<\/p>\n\n\n\n<h4>Come raccoglie e tratta i tuoi dati il sito www.rivistazoom.it?<\/h4>\n\n\n\n<p>Il Titolare raccoglie e\/o riceve le informazioni che ti riguardano, quali: indirizzo IP e cookie rilasciati mediante  la  navigazione  del  sito www.rivistazoom.it. Essi  servono  al  Titolare  per  dar  seguito  alla gestione del sito e per   raccogliere informazioni di natura aggregata. La comunicazione dei tuoi  dati personali avviene  principalmente nei confronti di terzi  e\/o destinatari la cui attivit\u00e0 \u00e8  necessaria per l\u2019espletamento delle attivit\u00e0 inerenti alle  finalit\u00e0  predette. Ogni comunicazione che non risponde a tali finalit\u00e0 sar\u00e0 sottoposta al tuo consenso. I tuoi dati personali non saranno in alcun modo diffusi o divulgati verso soggetti indeterminati. <\/p>\n\n\n\n<h4>Cosa sono i cookie e per quali finalita\u2019 possono essere utilizzati <\/h4>\n\n\n\n<p>Un &#8220;cookie&#8221; \u00e8 un piccolo file di testo creato da alcuni siti web sul computer dell\u2019utente al momento in  cui  questo  accede  ad  un  determinato  sito,  con  lo  scopo  di  immagazzinare  e  trasportare informazioni. I cookie  sono inviati da un server web (che  \u00e8  il computer  sul quale  \u00e8  in esecuzione  il sito web visitato) al browser dell\u2019utente (Internet Explorer, Mozilla Firefox, Google Chrome, ecc.) e memorizzati sul computer di quest\u2019ultimo; vengono, quindi, re-inviati al sito web al momento delle visite successive.Alcune operazioni non potrebbero essere compiute senza l&#8217;uso dei cookie, che,in alcuni casi,sono quindi  tecnicamente  necessari.In  altri  casi  il  sito  utilizza  cookieper  facilitare  e  agevolare  la navigazione da parte dell\u2019utente o per consentire a questi di  usufruire  di  servizi  specificamente richiesti.I  cookie  possono  rimanere  nel  sistema  anche  per  lunghi  periodi  e  possono  contenere  anche  un codice identificativo unico. Ci\u00f2 consente ai siti che li utilizzano di tenere traccia della navigazione dell&#8217;utente all&#8217;interno del sito stesso, per finalit\u00e0 statistiche o pubblicitarie, per creare cio\u00e8 un profilo personalizzato  dell&#8217;utente  a  partire  dalle  pagine  che  lo  stesso  ha  visitato  e  mostrargli e\/o  inviargli quindi pubblicit\u00e0 mirate (c.d. Behavioural Advertising). <\/p>\n\n\n\n<h4>Quali cookie sono utilizzati e per quali finalit\u00e0 principale <\/h4>\n\n\n\n<p>Il presente sito utilizza diversi tipi di cookie tecnici, ma non profilanti.Il Titolare riporta di seguito le specifiche categorie di cookie adoperati, la finalit\u00e0 e la conseguenza che deriva dalla loro deselezione: <\/p>\n\n\n\n<figure class=\"wp-block-table alignwide is-style-stripes\"><table class=\"has-subtle-pale-blue-background-color has-background\"><tbody><tr><td><strong>TIPOLOGIA DI COOKIE<\/strong><\/td><td><strong> FINALITA&#8217;<\/strong> <\/td><td> <strong>TEMPI DI CONSERVAZIONE <\/strong><\/td><td><strong>CONSEGUENZA IN CASO DI DESELEZIONE<\/strong><\/td><\/tr><tr><td>Cookies tecnici<\/td><td>Gestione del sito. Consentono il funzionamento e l\u2019esplorazione sicura ed efficiente del sito web<\/td><td>Validi per la sessione di navigazione<\/td><td>Si tratta dei cookie necessari per l\u2019utilizzodel sito Web, bloccarli non ne permette il funzionamento <\/td><\/tr><tr><td>Cookies di funzionalit\u00e0<\/td><td>Facilitare la navigazione e il servizio reso all\u2019utente in funzione di una serie di criteri da quest\u2019ultimo selezionati <\/td><td>Validi per la sessione di navigazione <\/td><td>Non sarebbe possibile mantenere le scelte effettuate dagli utenti durante la navigazione <\/td><\/tr><tr><td>Cookies analitici<\/td><td>Raccogliere informazioni in forma aggregata sulla navigazione da parte degli utenti per ottimizzare l&#8217;esperienza di navigazione e i servizi stessi <\/td><td>Stabiliti dalla terza parte <\/td><td>Non sarebbe pi\u00f9 possibile per il Titolare acquisire le informazioni aggregate <\/td><\/tr><\/tbody><\/table><\/figure>\n\n\n\n<h4>Cookie di terze parti  <\/h4>\n\n\n\n<p>Sul presente sito web sono operativi anche cookie di terzi parti, ossia cookie creati da un sito web diverso da quello che l\u2019utente sta attualmente visitando. Il Titolare \u00e8 tenuto a fornire il link  aggiornato  alle  informative  e  ai  moduli  di  consenso  delle  terze parti con cui sono stati stipulati appositi accordi per l\u2019installazione di cookie tramite il proprio sito. In particolare, si informano gli utenti che il sito web utilizza i seguenti servizi che rilasciano cookies:<\/p>\n\n\n\n<ul><li>Il servizio di analisi web &#8220;Google Analytics&#8221; fornito da Google, Inc. Google Analytics \u00e8 un servizio di analisi  web  che  utilizza  dei    &#8220;cookies&#8221;  che  vengono  depositati  sul  computer  dell\u2019utente  per   consentire al sito web visitato di analizzare come gli utenti lo utilizzano. Le informazioni generate dal cookie  sull\u2019utilizzo del sito web visitato da  parte dell\u2019utente (compreso  l\u2019indirizzo  IP) verranno trasmesse a Google, e depositate presso i server di Google   negli Stati Uniti. Google utilizzer\u00e0 queste informazioni  allo  scopo    di  tracciare  ed  esaminare  l\u2019utilizzo  del  sito  web  da  parte dell\u2019utente, compilare  report  sulle  attivit\u00e0  del  sito  web  per    gli  operatori  del  sito  e  fornire  altri  servizi  relativi  alle   attivit\u00e0  del  sito  web  e  all\u2019utilizzo  di  Internet. Per consultare l&#8217;informativa privacy della societ\u00e0 Google relativa al servizio Google Analytics, nonch\u00e9 esprimere il proprio consenso all\u2019utilizzo dei suddetti cookies, si rinvia al sito Internet <a href=\"https:\/\/marketingplatform.google.com\/about\/analytics\/terms\/us\/\">http:\/\/www.google.com\/intl\/en\/analytics\/privacyoverview.html<\/a>   <\/li><\/ul>\n\n\n\n<h4>Social buttons<\/h4>\n\n\n\n<p>Sul sito www.rivistazoom.it sono  presenti  dei  particolari  &#8220;pulsanti&#8221;  (denominati  \u201csocial buttons\/widgets\u201d)  che  raffigurano  le  icone  di  social  network  (esempio, Facebook).  Detti  bottoni consentono agli utenti che stanno navigando sui siti di interagire con un &#8220;click&#8221; direttamente con i social  network  raffigurati. In tal caso il social network acquisisce i dati relativi  alla visita dell\u2019utente,  mentre  il  Titolare non condivider\u00e0  alcuna  informazione di navigazione o dato dell\u2019utente  acquisiti  attraverso  il  proprio  sito  con  i  social  network  accessibili  grazie ai Social buttons\/widgets <\/p>\n\n\n\n<h4>Deselezione e attivazione dei cookie <\/h4>\n\n\n\n<p>Accedendo al sito e superando il banner iniziale contenente  l\u2019informativa breve,  l\u2019utente ha prestato il proprio consenso espresso all\u2019utilizzo dei cookies di terze parti sopra indicate. La  selezione\/deselezione  dei  singoli  cookie  potr\u00e0  avvenire  liberamente  tramite  il  proprio  browser (selezionando  il  menu  impostazioni,  cliccando  sulle  opzioni  Internet,  aprendo  la  scheda  relativa alla   privacy   e   scegliendo   il   desiderato   livello   di   blocco   cookie). Per   maggiori   informazioni consultare  i  seguenti link: <a href=\"https:\/\/support.google.com\/chrome\/answer\/95647?hl=it&amp;p=cpn_cookies\">Google Chrome<\/a>, <a href=\"https:\/\/support.mozilla.org\/it\/kb\/Attivare%20e%20disattivare%20i%20cookie?redirectlocale=en-US&amp;redirectslug=Enabling+and+disabling+cookies\">Mozilla Firefox<\/a>, <a href=\"https:\/\/support.apple.com\/it-it\/guide\/safari\/sfri11471\/mac\">Apple Safari<\/a>, <a href=\"https:\/\/support.microsoft.com\/it-it\/help\/17442\/windows-internet-explorer-delete-manage-cookies\">Microsoft Windows Explorer<\/a>. Inoltre, si pu\u00f2 attivare l\u2019opzione Do Not Track presente nella maggior parte dei browser di ultima generazione.<br>I cookies di terze parti possono essere  disabilitati informandosi tramite  la privacy policy della terza parte,  tramite  il  link  sopra  indicato,  o  contattando  direttamente  la  stessa.  La  disabilitazione  dei cookie \u201cterze parti\u201d non pregiudicain alcun modo la navigabilit\u00e0. <\/p>\n\n\n\n<h4>Finalit\u00e0 secondarie<\/h4>\n\n\n\n<ol><li><strong>Comunicazione a terzi e destinatari<\/strong><\/li><\/ol>\n\n\n\n<p>Il trattamento dei tuoi dati personali avviene in dipendenza del contratto e degli obblighi, anche di legge e\/o regolamentari, che ne derivano. I tuoi dati non saranno comunicati a terzi\/destinatari per loro finalit\u00e0 autonome a meno che: <\/p>\n\n\n\n<ul><li>Tu ne dia autorizzazione;<\/li><li>Sia necessario per l\u2019adempimento degli obblighi dipendenti dal contratto e da norme di legge che lo disciplinano (es. per la difesa dei tuoi diritti, etc.)<br>I dati personali che il Titolare tratta per tale finalit\u00e0 sono, tra gli altri, indirizzo IP e cookie rilasciati mediante la navigazione;<\/li><\/ul>\n\n\n\n<ol start=\"2\"><li> <strong>Sicurezza informatica<\/strong> <\/li><\/ol>\n\n\n\n<p>Il  Titolare tratta, anche per mezzo dei suoi fornitori (terzi  e\/o  destinatari),  i tuoi dati personali, informatici (es. accessi logici) o di traffico raccolti o ottenuti nel caso di servizi esposti sul sito web in misura strettamente necessaria e proporzionata per garantire la sicurezza e la capacit\u00e0 di una rete o dei server ad  essa connessi di resistere,  a  un  dato  livello  di  sicurezza, a  eventi  imprevisti  o  atti illeciti o dolosi che compromettano la disponibilit\u00e0, l&#8217;autenticit\u00e0, l&#8217;integrit\u00e0 e la riservatezza dei dati personali conservati o trasmessi. A tali fini il Titolare prevede  procedure per la gestione della violazione dei dati personali. <\/p>\n\n\n\n<h4> Che cosa succede se non fornisci i tuoi dati? <\/h4>\n\n\n\n<p class=\"has-text-align-center\"><strong>Come<\/strong><\/p>\n\n\n\n<p>Il  trattamento dei dati \u00e8 eseguito attraverso procedure  informatiche da parte di soggetti interni appositamente autorizzati e formati. A questi \u00e8 consentito l\u2019accesso ai tuoi dati personali nella misura e nei  limiti in cui esso \u00e8 necessario per lo  svolgimento  delle  attivit\u00e0  di  trattamento che ti riguardano.   I   tuoi dati sono trattati separatamente dagli altri anche mediante   metodi di pseudonimizzazione o di aggregazione che non permettano di identificarti in modo agevole. Il  Titolare verifica  periodicamente gli strumenti  mediante i quali i tuoi dati  vengono trattati e le misure di sicurezza per essi previste di cui prevede l\u2019aggiornamento costante; verifica, anche per il tramite   dei soggetti autorizzati al trattamento, che non siano raccolti,   trattati,  archiviati o conservati dati personali di cui non sia necessario il trattamento; verifica che i dati siano conservati con   la garanzia di integrit\u00e0 e di autenticit\u00e0 e del  loro uso   per   le   finalit\u00e0 dei  trattamenti effettivamente svolti.  <\/p>\n\n\n\n<p class=\"has-text-align-center\"><strong>Dove<\/strong><\/p>\n\n\n\n<p>I dati sono conservati in archivi informatici. <\/p>\n\n\n\n<h4>Quali sono i tuoi diritti? <\/h4>\n\n\n\n<p>L&#8217;utente in ogni momento e a titolo gratuito e senza oneri e  formalit\u00e0 particolari potr\u00e0: <\/p>\n\n\n\n<ul><li>Ottenere conferma del trattamento operato dal Titolare; <\/li><li>Accedere ai tuoi dati personali e conoscerne l\u2019origine (quando i dati nonsono ottenuti da te  direttamente),  le  finalit\u00e0  e  gli  scopi  del  trattamento,  i  dati  dei  soggetti  a  cui  essi  sono comunicati, il periodo di conservazione dei tuoi dati o i criteri utili per determinarlo; <\/li><li>Aggiornare o rettificare i tuoi dati personali in modo che siano sempre esatti e accurati; <\/li><li>Cancellare  i  tuoi  dati  personali  dalle  banche  dati  e\/o  dagli  archivi  anche  di  backup  del Titolarenel caso, tra gli altri, in cui non siano pi\u00f9 necessari per le finalit\u00e0 del trattamento o se questo si assume come illecito, e sempre se ne sussistano le condizioni previste per legge; e comunque se il trattamento non sia giustificato da un altro motivo ugualmente legittimo; <\/li><li>Ottenere i tuoi dati personali, se ricevuti o trattati dal  Titolare con il tuo consenso e\/o se il loro trattamento  avvenga sulla base di un contratto e con strumenti  automatizzati, in formato elettronico anche al fine di trasmetterli ad altro titolare del trattamento; <\/li><li>Limitare il trattamento dei propri dati personali in talune  circostanze, ad esempio laddove ne venga contestata dal proprietario dei dati l\u2019esattezza, per il periodo necessario al Titolare per verificarne l\u2019accuratezza. L&#8217;utente deve essere  informato, in tempi congrui, anche di quando il periodo di  sospensione si sia compiuto o la causa della limitazione  del trattamento sia venuta meno, e quindi la limitazione stessa revocata; <\/li><\/ul>\n\n\n\n<p>Il  Titolare dovr\u00e0 procedere in tal senso senza ritardo e,  comunque, al pi\u00f9 tardi entro un mese dal ricevimento della tua richiesta. Il termine pu\u00f2 essere prorogato di due mesi, se necessario, tenuto conto della complessit\u00e0 e del numero delle richieste ricevute dal Titolare. In tali casi il Titolare, entro un  mese  dal  ricevimento  della  tua  richiesta, ti informer\u00e0 e ti  metter\u00e0 al  corrente  dei  motivi  della proroga. Per ogni ulteriore  informazione e comunque per inviare la tua  richiesta  devi  rivolgerti al Titolare, all\u2019indirizzo &#105;n&#x66;o&#x40;r&#x69;v&#x69;&#115;&#x74;&#97;&#x7a;&#111;&#x6f;&#109;&#46;&#105;t  <\/p>\n\n\n\n<h4>Come e quando puoi opporti al trattamento dei tuoi dati personali? <\/h4>\n\n\n\n<p>Per  motivi  relativi  alla tua  situazione  particolare,  puoi  opporti  in  ogni  momento  al trattamento  dei tuoi  dati  personali  se  esso  \u00e8  fondato  sul  legittimo  interesse,  inviando  la  tua  richiesta  al  Titolare, all\u2019indirizzo  i&#110;&#102;&#x6f;&#x40;r&#105;&#118;&#x69;&#x73;&#x74;a&#122;&#111;&#x6f;&#x6d;&#46;i&#116;. Tu hai diritto alla cancellazione dei tuoi dati personali se non esiste un motivo legittimo prevalente rispetto a quello che ha dato origine alla tua richiesta. <\/p>\n\n\n\n<h4>Aggiornamenti dell&#8217;informativa<\/h4>\n\n\n\n<p>Ogni aggiornamento della presente informativa ti sar\u00e0 comunicato tempestivamente e mediante mezzi congrui e altrettanto ti sar\u00e0 comunicato se il Titolare dar\u00e0 seguito al trattamento dei tuoi dati per finalit\u00e0 ulteriori rispetto a quelle di cui alla presente informativa prima di procedervi e in tempo per prestare il tuo consenso se necessario. <\/p>\n","protected":false},"excerpt":{"rendered":"<p>Informativa sui cookies Chi siamo e cosa facciamo dei tuoi dati personali? Associazione Zoom d\u2019ora innanzi Titolare del trattamento, tutela<\/p>\n<div class='the_champ_sharing_container the_champ_vertical_sharing the_champ_hide_sharing the_champ_bottom_sharing' style='width:44px;left: -10px;top: 100px;-webkit-box-shadow:none;box-shadow:none;' data-super-socializer-href=\"https:\/\/www.rivistazoom.it\"data-super-socializer-no-counts=\"1\"><div class=\"the_champ_sharing_ul\"><a style=\"font-size:24px!important;box-shadow:none;display:inline-block!important;font-size: 16px;padding: 0 4px;vertical-align:middle;display:inline;\" class=\"theChampSharingRound\"><span class=\"the_champ_square_count\">&nbsp;<\/span><div style=\"width:70px;height:35px;margin-bottom:9px !important;\" title=\"Total Shares\" class=\"theChampSharing theChampTCBackground\"><\/div><\/a><a class=\"the_champ_facebook\" href=\"https:\/\/www.facebook.com\/sharer\/sharer.php?u=https%3A%2F%2Fwww.rivistazoom.it\" title=\"Facebook\" rel=\"nofollow noopener\" target=\"_blank\" style=\"font-size:24px!important;box-shadow:none;display:inline-block;vertical-align:middle\"><span class=\"the_champ_svg\" style=\"background-color:#3c589a;width:70px;height:35px;display:inline-block;opacity:1;float:left;font-size:24px;box-shadow:none;display:inline-block;font-size:16px;padding:0 4px;vertical-align:middle;background-repeat:repeat;overflow:hidden;padding:0;cursor:pointer;box-sizing:content-box\"><span class=\"the_champ_square_count the_champ_facebook_count\">&nbsp;<\/span><svg style=\"display:block;\" focusable=\"false\" aria-hidden=\"true\" xmlns=\"http:\/\/www.w3.org\/2000\/svg\" width=\"100%\" height=\"100%\" viewBox=\"-5 -5 42 42\"><path d=\"M17.78 27.5V17.008h3.522l.527-4.09h-4.05v-2.61c0-1.182.33-1.99 2.023-1.99h2.166V4.66c-.375-.05-1.66-.16-3.155-.16-3.123 0-5.26 1.905-5.26 5.405v3.016h-3.53v4.09h3.53V27.5h4.223z\" fill=\"#fff\"><\/path><\/svg><\/span><\/a><a class=\"the_champ_button_twitter\" href=\"https:\/\/twitter.com\/intent\/tweet?text=Zoom%20-%20&url=https%3A%2F%2Fwww.rivistazoom.it\" title=\"Twitter\" rel=\"nofollow noopener\" target=\"_blank\" style=\"font-size:24px!important;box-shadow:none;display:inline-block;vertical-align:middle\"><span class=\"the_champ_svg the_champ_s__default the_champ_s_twitter\" style=\"background-color:#55acee;width:70px;height:35px;display:inline-block;opacity:1;float:left;font-size:24px;box-shadow:none;display:inline-block;font-size:16px;padding:0 4px;vertical-align:middle;background-repeat:repeat;overflow:hidden;padding:0;cursor:pointer;box-sizing:content-box\"><span class=\"the_champ_square_count the_champ_twitter_count\">&nbsp;<\/span><svg style=\"display:block;\" focusable=\"false\" aria-hidden=\"true\" xmlns=\"http:\/\/www.w3.org\/2000\/svg\" width=\"100%\" height=\"100%\" viewBox=\"-4 -4 39 39\"><path d=\"M28 8.557a9.913 9.913 0 0 1-2.828.775 4.93 4.93 0 0 0 2.166-2.725 9.738 9.738 0 0 1-3.13 1.194 4.92 4.92 0 0 0-3.593-1.55 4.924 4.924 0 0 0-4.794 6.049c-4.09-.21-7.72-2.17-10.15-5.15a4.942 4.942 0 0 0-.665 2.477c0 1.71.87 3.214 2.19 4.1a4.968 4.968 0 0 1-2.23-.616v.06c0 2.39 1.7 4.38 3.952 4.83-.414.115-.85.174-1.297.174-.318 0-.626-.03-.928-.086a4.935 4.935 0 0 0 4.6 3.42 9.893 9.893 0 0 1-6.114 2.107c-.398 0-.79-.023-1.175-.068a13.953 13.953 0 0 0 7.55 2.213c9.056 0 14.01-7.507 14.01-14.013 0-.213-.005-.426-.015-.637.96-.695 1.795-1.56 2.455-2.55z\" fill=\"#fff\"><\/path><\/svg><\/span><\/a><a class=\"the_champ_whatsapp\" href=\"https:\/\/api.whatsapp.com\/send?text=Zoom%20-%20 https%3A%2F%2Fwww.rivistazoom.it\" title=\"Whatsapp\" rel=\"nofollow noopener\" target=\"_blank\" style=\"font-size:24px!important;box-shadow:none;display:inline-block;vertical-align:middle\"><span class=\"the_champ_svg\" style=\"background-color:#55eb4c;width:70px;height:35px;display:inline-block;opacity:1;float:left;font-size:24px;box-shadow:none;display:inline-block;font-size:16px;padding:0 4px;vertical-align:middle;background-repeat:repeat;overflow:hidden;padding:0;cursor:pointer;box-sizing:content-box\"><span class=\"the_champ_square_count the_champ_whatsapp_count\">&nbsp;<\/span><svg style=\"display:block;\" focusable=\"false\" aria-hidden=\"true\" xmlns=\"http:\/\/www.w3.org\/2000\/svg\" width=\"100%\" height=\"100%\" viewBox=\"-6 -5 40 40\"><path class=\"the_champ_svg_stroke the_champ_no_fill\" stroke=\"#fff\" stroke-width=\"2\" fill=\"none\" d=\"M 11.579798566743314 24.396926207859085 A 10 10 0 1 0 6.808479557110079 20.73576436351046\"><\/path><path d=\"M 7 19 l -1 6 l 6 -1\" class=\"the_champ_no_fill the_champ_svg_stroke\" stroke=\"#fff\" stroke-width=\"2\" fill=\"none\"><\/path><path d=\"M 10 10 q -1 8 8 11 c 5 -1 0 -6 -1 -3 q -4 -3 -5 -5 c 4 -2 -1 -5 -1 -4\" fill=\"#fff\"><\/path><\/svg><\/span><\/a><a class=\"the_champ_button_instagram\" href=\"https:\/\/www.instagram.com\/Rivista_Zoom\" title=\"Instagram\" rel=\"nofollow noopener\" target=\"_blank\" style=\"font-size:24px!important;box-shadow:none;display:inline-block;vertical-align:middle\"><span class=\"the_champ_svg\" style=\"background-color:#53beee;width:70px;height:35px;display:inline-block;opacity:1;float:left;font-size:24px;box-shadow:none;display:inline-block;font-size:16px;padding:0 4px;vertical-align:middle;background-repeat:repeat;overflow:hidden;padding:0;cursor:pointer;box-sizing:content-box\"><span class=\"the_champ_square_count the_champ_instagram_count\">&nbsp;<\/span><svg style=\"display:block;\" version=\"1.1\" viewBox=\"-10 -10 148 148\" width=\"100%\" height=\"100%\" xml:space=\"preserve\" xmlns=\"http:\/\/www.w3.org\/2000\/svg\" xmlns:xlink=\"http:\/\/www.w3.org\/1999\/xlink\"><g><g><path d=\"M86,112H42c-14.336,0-26-11.663-26-26V42c0-14.337,11.664-26,26-26h44c14.337,0,26,11.663,26,26v44 C112,100.337,100.337,112,86,112z M42,24c-9.925,0-18,8.074-18,18v44c0,9.925,8.075,18,18,18h44c9.926,0,18-8.075,18-18V42 c0-9.926-8.074-18-18-18H42z\" fill=\"#fff\"><\/path><\/g><g><path d=\"M64,88c-13.234,0-24-10.767-24-24c0-13.234,10.766-24,24-24s24,10.766,24,24C88,77.233,77.234,88,64,88z M64,48c-8.822,0-16,7.178-16,16s7.178,16,16,16c8.822,0,16-7.178,16-16S72.822,48,64,48z\" fill=\"#fff\"><\/path><\/g><g><circle cx=\"89.5\" cy=\"38.5\" fill=\"#fff\" r=\"5.5\"><\/circle><\/g><\/g><\/svg><\/span><\/a><\/div><\/div>","protected":false},"author":1,"featured_media":0,"parent":0,"menu_order":0,"comment_status":"closed","ping_status":"closed","template":"","meta":[],"_links":{"self":[{"href":"https:\/\/www.rivistazoom.it\/index.php\/wp-json\/wp\/v2\/pages\/205"}],"collection":[{"href":"https:\/\/www.rivistazoom.it\/index.php\/wp-json\/wp\/v2\/pages"}],"about":[{"href":"https:\/\/www.rivistazoom.it\/index.php\/wp-json\/wp\/v2\/types\/page"}],"author":[{"embeddable":true,"href":"https:\/\/www.rivistazoom.it\/index.php\/wp-json\/wp\/v2\/users\/1"}],"replies":[{"embeddable":true,"href":"https:\/\/www.rivistazoom.it\/index.php\/wp-json\/wp\/v2\/comments?post=205"}],"version-history":[{"count":5,"href":"https:\/\/www.rivistazoom.it\/index.php\/wp-json\/wp\/v2\/pages\/205\/revisions"}],"predecessor-version":[{"id":223,"href":"https:\/\/www.rivistazoom.it\/index.php\/wp-json\/wp\/v2\/pages\/205\/revisions\/223"}],"wp:attachment":[{"href":"https:\/\/www.rivistazoom.it\/index.php\/wp-json\/wp\/v2\/media?parent=205"}],"curies":[{"name":"wp","href":"https:\/\/api.w.org\/{rel}","templated":true}]}}